{"id":11,"date":"2016-07-14T16:35:46","date_gmt":"2016-07-14T16:35:46","guid":{"rendered":"http:\/\/rechtsanwalt-glodde.de\/?page_id=11"},"modified":"2016-10-24T15:24:24","modified_gmt":"2016-10-24T15:24:24","slug":"leistungen","status":"publish","type":"page","link":"https:\/\/rechtsanwalt-glodde.de\/?page_id=11","title":{"rendered":"Leistungen"},"content":{"rendered":"<p><strong>Rechtsgebiete<\/strong><\/p>\n<p><strong><em>Arbeitsrecht \/ K\u00fcndigungsschutzrecht<\/em><\/strong><br \/>\n&#8211; Entwurf von Arbeitsvertr\u00e4gen<br \/>\n&#8211; Pr\u00fcfung von Arbeitsvertr\u00e4gen<br \/>\n&#8211; Beratung vor K\u00fcndigungen und Abmahnungen<br \/>\n&#8211; K\u00fcndigungsschutzprozesse \/ Arbeitsprozesse<br \/>\n&#8211; Arbeitnehmer\u00fcberlassung<\/p>\n<p><strong><em>Verkehrsrecht \/ Unfallregulierung<\/em><\/strong><br \/>\n&#8211; Unfallregulierung \/ Verhandlungen mit Versicherungen<br \/>\n&#8211; Geltendmachung von Schmerzensgeldanspr\u00fcchen<br \/>\n&#8211; Verteidigung in Bu\u00dfgeldverfahren<br \/>\n&#8211; Anspr\u00fcche aus Kaufvertr\u00e4gen<br \/>\n&#8211; Gew\u00e4hrleistungsanspr\u00fcche<\/p>\n<p><strong><em>Bu\u00dfgeldsachen \/ Ordnungswidrigkeitenverfahren<\/em><\/strong><br \/>\n&#8211; Verteidigung in Bu\u00dfgeldverfahren<br \/>\n&#8211; Verteidigung in Gerichtsverfahren<\/p>\n<p><strong><em>Allgemeines Zivilrecht<\/em><\/strong><br \/>\n&#8211; Vertragsrecht<br \/>\n&#8211; Pr\u00fcfung von Vertr\u00e4gen<br \/>\n&#8211; Au\u00dfergerichtliche Geltendmachung \/ Abwehr vertraglicher Anspr\u00fcche<br \/>\n&#8211; Gerichtliche Geltendmachung \/ Abwehr vertraglicher Anspr\u00fcche<\/p>\n<p><strong><em>Werk- \/ Dienstvertragsrecht<\/em><\/strong><br \/>\n&#8211; Vertragsrecht<br \/>\n&#8211; Pr\u00fcfung von Vertr\u00e4gen<br \/>\n&#8211; Au\u00dfergerichtliche Geltendmachung \/ Abwehr vertraglicher Anspr\u00fcche<br \/>\n&#8211; Gerichtliche Geltendmachung \/ Abwehr vertraglicher Anspr\u00fcche<\/p>\n<p><strong><em>Erbrecht<\/em><\/strong><br \/>\n&#8211; Gestaltung von Testamenten<br \/>\n&#8211; Vertretung bei Erbstreitigkeiten<br \/>\n&#8211; Geltendmachung von Pflichtteilsanspr\u00fcchen<br \/>\n&#8211; Geltendmachung von Anspr\u00fcchen nach Erbfall<\/p>\n<p><strong><em>Familienrecht<\/em><\/strong><br \/>\n&#8211; Vertretung in Scheidungsverfahren<br \/>\n&#8211; Geltendmachung von Unterhalt<br \/>\n&#8211; Vertretung in Sorgerechtsverfahren<br \/>\n&#8211; Geltendmachung von Zugewinnausgleichsanspr\u00fcchen<br \/>\n&#8211; Pr\u00fcfung und Entwurf von Ehevertr\u00e4gen<\/p>\n<p><strong><em>Mietrecht<\/em><\/strong><br \/>\n&#8211; Geltendmachung \/ Abwehr von Anspr\u00fcchen aus Mietvertr\u00e4gen<br \/>\n&#8211; Mietprozesse<\/p>\n<p><strong><em>Forderungsmanagement \/ Inkasso \/ Zwangsvollstreckung<\/em><\/strong><br \/>\n&#8211; Geltendmachung und Durchsetzung von Zahlungsanspr\u00fcchen<br \/>\n&#8211; Einziehung und \u00dcberwachung von Forderungen<\/p>\n<p><strong><em>Strafrecht<\/em><\/strong><br \/>\n&#8211; Verteidigung in Strafverfahren<br \/>\n&#8211; Akteneinsicht<\/p>\n<p>Quelle: <em><a href=\"https:\/\/de.wikipedia.org\">Wikipedia<\/a><\/em><\/p>\n","protected":false},"excerpt":{"rendered":"<p>Rechtsgebiete Arbeitsrecht \/ K\u00fcndigungsschutzrecht &#8211; Entwurf von Arbeitsvertr\u00e4gen &#8211; Pr\u00fcfung von Arbeitsvertr\u00e4gen &#8211; Beratung vor K\u00fcndigungen und Abmahnungen &#8211; K\u00fcndigungsschutzprozesse \/ Arbeitsprozesse &#8211; Arbeitnehmer\u00fcberlassung Verkehrsrecht \/ Unfallregulierung &#8211; Unfallregulierung \/ Verhandlungen mit Versicherungen &#8211; Geltendmachung von Schmerzensgeldanspr\u00fcchen &#8211; Verteidigung in Bu\u00dfgeldverfahren &#8211; Anspr\u00fcche aus Kaufvertr\u00e4gen &#8211; Gew\u00e4hrleistungsanspr\u00fcche Bu\u00dfgeldsachen \/ Ordnungswidrigkeitenverfahren &#8211; Verteidigung in Bu\u00dfgeldverfahren &#8211;&#8230;<\/p>\n","protected":false},"author":1,"featured_media":0,"parent":0,"menu_order":3,"comment_status":"closed","ping_status":"closed","template":"page-templates\/full-width.php","meta":{"footnotes":""},"class_list":["post-11","page","type-page","status-publish","hentry"],"_links":{"self":[{"href":"https:\/\/rechtsanwalt-glodde.de\/index.php?rest_route=\/wp\/v2\/pages\/11"}],"collection":[{"href":"https:\/\/rechtsanwalt-glodde.de\/index.php?rest_route=\/wp\/v2\/pages"}],"about":[{"href":"https:\/\/rechtsanwalt-glodde.de\/index.php?rest_route=\/wp\/v2\/types\/page"}],"author":[{"embeddable":true,"href":"https:\/\/rechtsanwalt-glodde.de\/index.php?rest_route=\/wp\/v2\/users\/1"}],"replies":[{"embeddable":true,"href":"https:\/\/rechtsanwalt-glodde.de\/index.php?rest_route=%2Fwp%2Fv2%2Fcomments&post=11"}],"version-history":[{"count":16,"href":"https:\/\/rechtsanwalt-glodde.de\/index.php?rest_route=\/wp\/v2\/pages\/11\/revisions"}],"predecessor-version":[{"id":152,"href":"https:\/\/rechtsanwalt-glodde.de\/index.php?rest_route=\/wp\/v2\/pages\/11\/revisions\/152"}],"wp:attachment":[{"href":"https:\/\/rechtsanwalt-glodde.de\/index.php?rest_route=%2Fwp%2Fv2%2Fmedia&parent=11"}],"curies":[{"name":"wp","href":"https:\/\/api.w.org\/{rel}","templated":true}]}}