{"id":13,"date":"2016-07-14T16:34:57","date_gmt":"2016-07-14T16:34:57","guid":{"rendered":"http:\/\/rechtsanwalt-glodde.de\/?page_id=13"},"modified":"2021-12-15T10:26:27","modified_gmt":"2021-12-15T10:26:27","slug":"information","status":"publish","type":"page","link":"https:\/\/rechtsanwalt-glodde.de\/?page_id=13","title":{"rendered":"Information"},"content":{"rendered":"<p><strong>Rechtsanwalt Manfred Glodde<\/strong><\/p>\n<p>Jahrgang 1954, verheiratet, eine Tochter<\/p>\n<p>Abitur<br \/>\nStudium der Rechtswissenschaften an der Universit\u00e4t zu K\u00f6ln<br \/>\nReferendariat beim Oberlandesgericht D\u00fcsseldorf<br \/>\nSeit 1984 als zugelassener Rechtsanwalt im Oberbergischen t\u00e4tig<\/p>\n<p>Freizeit: Golf, Skilaufen, Fahrradfahren<\/p>\n","protected":false},"excerpt":{"rendered":"<p>Rechtsanwalt Manfred Glodde Jahrgang 1954, verheiratet, eine Tochter Abitur Studium der Rechtswissenschaften an der Universit\u00e4t zu K\u00f6ln Referendariat beim Oberlandesgericht D\u00fcsseldorf Seit 1984 als zugelassener Rechtsanwalt im Oberbergischen t\u00e4tig Freizeit: Golf, Skilaufen, Fahrradfahren<\/p>\n","protected":false},"author":1,"featured_media":0,"parent":0,"menu_order":2,"comment_status":"closed","ping_status":"closed","template":"page-templates\/full-width.php","meta":{"footnotes":""},"class_list":["post-13","page","type-page","status-publish","hentry"],"_links":{"self":[{"href":"https:\/\/rechtsanwalt-glodde.de\/index.php?rest_route=\/wp\/v2\/pages\/13"}],"collection":[{"href":"https:\/\/rechtsanwalt-glodde.de\/index.php?rest_route=\/wp\/v2\/pages"}],"about":[{"href":"https:\/\/rechtsanwalt-glodde.de\/index.php?rest_route=\/wp\/v2\/types\/page"}],"author":[{"embeddable":true,"href":"https:\/\/rechtsanwalt-glodde.de\/index.php?rest_route=\/wp\/v2\/users\/1"}],"replies":[{"embeddable":true,"href":"https:\/\/rechtsanwalt-glodde.de\/index.php?rest_route=%2Fwp%2Fv2%2Fcomments&post=13"}],"version-history":[{"count":3,"href":"https:\/\/rechtsanwalt-glodde.de\/index.php?rest_route=\/wp\/v2\/pages\/13\/revisions"}],"predecessor-version":[{"id":154,"href":"https:\/\/rechtsanwalt-glodde.de\/index.php?rest_route=\/wp\/v2\/pages\/13\/revisions\/154"}],"wp:attachment":[{"href":"https:\/\/rechtsanwalt-glodde.de\/index.php?rest_route=%2Fwp%2Fv2%2Fmedia&parent=13"}],"curies":[{"name":"wp","href":"https:\/\/api.w.org\/{rel}","templated":true}]}}