{"id":2,"date":"2016-04-13T02:16:31","date_gmt":"2016-04-13T02:16:31","guid":{"rendered":"http:\/\/wp45m.a10-52-158-154.qa.plesk.ru\/wordpress\/?page_id=2"},"modified":"2023-10-30T12:12:11","modified_gmt":"2023-10-30T12:12:11","slug":"sample-page","status":"publish","type":"page","link":"https:\/\/rechtsanwalt-glodde.de\/","title":{"rendered":"Home"},"content":{"rendered":"<p>Seit mehr als 30 Jahren betreue ich meine Mandanten beratend und gerichtlich im Oberbergischen Kreis und dar\u00fcber hinaus. Gewerbliche Mandanten werden schwerpunktm\u00e4\u00dfig in den Bereichen Arbeitsrecht, Vertragsrecht und Forderungsmanagement betreut, private Mandanten in den Bereichen Verkehrsrecht, Arbeitsrecht, Allgemeines Zivilrecht sowie in Bu\u00dfgeldsachen.<\/p>\n<p>Die Kanzlei befindet sich wenige Minuten von der A4 entfernt in Gummersbach-Windhagen. Aus Richtung Gummersbach kommend, erreichen Sie die Kanzlei \u00fcber die Westtangente L256. Im Kreisel bei Windhagen nehmen Sie die dritte Ausfahrt auf die Martin-Siebert-Stra\u00dfe.<br \/>\nGute Parkm\u00f6glichkeiten sind vorhanden.<\/p>\n","protected":false},"excerpt":{"rendered":"<p>Seit mehr als 30 Jahren betreue ich meine Mandanten beratend und gerichtlich im Oberbergischen Kreis und dar\u00fcber hinaus. Gewerbliche Mandanten werden schwerpunktm\u00e4\u00dfig in den Bereichen Arbeitsrecht, Vertragsrecht und Forderungsmanagement betreut, private Mandanten in den Bereichen Verkehrsrecht, Arbeitsrecht, Allgemeines Zivilrecht sowie in Bu\u00dfgeldsachen. Die Kanzlei befindet sich wenige Minuten von der A4 entfernt in Gummersbach-Windhagen. Aus&#8230;<\/p>\n","protected":false},"author":1,"featured_media":0,"parent":0,"menu_order":0,"comment_status":"closed","ping_status":"closed","template":"page-templates\/full-width.php","meta":{"footnotes":""},"class_list":["post-2","page","type-page","status-publish","hentry"],"_links":{"self":[{"href":"https:\/\/rechtsanwalt-glodde.de\/index.php?rest_route=\/wp\/v2\/pages\/2"}],"collection":[{"href":"https:\/\/rechtsanwalt-glodde.de\/index.php?rest_route=\/wp\/v2\/pages"}],"about":[{"href":"https:\/\/rechtsanwalt-glodde.de\/index.php?rest_route=\/wp\/v2\/types\/page"}],"author":[{"embeddable":true,"href":"https:\/\/rechtsanwalt-glodde.de\/index.php?rest_route=\/wp\/v2\/users\/1"}],"replies":[{"embeddable":true,"href":"https:\/\/rechtsanwalt-glodde.de\/index.php?rest_route=%2Fwp%2Fv2%2Fcomments&post=2"}],"version-history":[{"count":6,"href":"https:\/\/rechtsanwalt-glodde.de\/index.php?rest_route=\/wp\/v2\/pages\/2\/revisions"}],"predecessor-version":[{"id":172,"href":"https:\/\/rechtsanwalt-glodde.de\/index.php?rest_route=\/wp\/v2\/pages\/2\/revisions\/172"}],"wp:attachment":[{"href":"https:\/\/rechtsanwalt-glodde.de\/index.php?rest_route=%2Fwp%2Fv2%2Fmedia&parent=2"}],"curies":[{"name":"wp","href":"https:\/\/api.w.org\/{rel}","templated":true}]}}