{"id":9,"date":"2016-07-14T16:36:00","date_gmt":"2016-07-14T16:36:00","guid":{"rendered":"http:\/\/rechtsanwalt-glodde.de\/?page_id=9"},"modified":"2023-10-30T12:12:22","modified_gmt":"2023-10-30T12:12:22","slug":"wir-ueber-uns","status":"publish","type":"page","link":"https:\/\/rechtsanwalt-glodde.de\/?page_id=9","title":{"rendered":"Wir \u00fcber uns"},"content":{"rendered":"<p>Die Kanzlei befindet sich wenige Minuten von der A4 entfernt in Gummersbach-Windhagen. Aus Richtung Gummersbach kommend, erreichen Sie die Kanzlei \u00fcber die Westtangente L256. Im Kreisel bei Windhagen nehmen Sie die dritte Ausfahrt auf die Martin-Siebert-Stra\u00dfe.<br \/>\nGute Parkm\u00f6glichkeiten sind vorhanden.<\/p>\n","protected":false},"excerpt":{"rendered":"<p>Die Kanzlei befindet sich wenige Minuten von der A4 entfernt in Gummersbach-Windhagen. Aus Richtung Gummersbach kommend, erreichen Sie die Kanzlei \u00fcber die Westtangente L256. Im Kreisel bei Windhagen nehmen Sie die dritte Ausfahrt auf die Martin-Siebert-Stra\u00dfe. Gute Parkm\u00f6glichkeiten sind vorhanden.<\/p>\n","protected":false},"author":1,"featured_media":0,"parent":0,"menu_order":1,"comment_status":"closed","ping_status":"closed","template":"page-templates\/full-width.php","meta":{"footnotes":""},"class_list":["post-9","page","type-page","status-publish","hentry"],"_links":{"self":[{"href":"https:\/\/rechtsanwalt-glodde.de\/index.php?rest_route=\/wp\/v2\/pages\/9"}],"collection":[{"href":"https:\/\/rechtsanwalt-glodde.de\/index.php?rest_route=\/wp\/v2\/pages"}],"about":[{"href":"https:\/\/rechtsanwalt-glodde.de\/index.php?rest_route=\/wp\/v2\/types\/page"}],"author":[{"embeddable":true,"href":"https:\/\/rechtsanwalt-glodde.de\/index.php?rest_route=\/wp\/v2\/users\/1"}],"replies":[{"embeddable":true,"href":"https:\/\/rechtsanwalt-glodde.de\/index.php?rest_route=%2Fwp%2Fv2%2Fcomments&post=9"}],"version-history":[{"count":5,"href":"https:\/\/rechtsanwalt-glodde.de\/index.php?rest_route=\/wp\/v2\/pages\/9\/revisions"}],"predecessor-version":[{"id":173,"href":"https:\/\/rechtsanwalt-glodde.de\/index.php?rest_route=\/wp\/v2\/pages\/9\/revisions\/173"}],"wp:attachment":[{"href":"https:\/\/rechtsanwalt-glodde.de\/index.php?rest_route=%2Fwp%2Fv2%2Fmedia&parent=9"}],"curies":[{"name":"wp","href":"https:\/\/api.w.org\/{rel}","templated":true}]}}